{"id":1509,"date":"2023-01-27T20:13:30","date_gmt":"2023-01-27T20:13:30","guid":{"rendered":"https:\/\/www.altrum.com\/login\/"},"modified":"2023-06-02T16:20:50","modified_gmt":"2023-06-02T16:20:50","slug":"connexion","status":"publish","type":"page","link":"https:\/\/www.altrum.com\/fr\/connexion\/","title":{"rendered":"Connexion"},"content":{"rendered":"","protected":false},"excerpt":{"rendered":"","protected":false},"author":1,"featured_media":0,"parent":0,"menu_order":0,"comment_status":"closed","ping_status":"closed","template":"template-login.php","meta":{"_acf_changed":false,"inline_featured_image":false,"footnotes":""},"class_list":["post-1509","page","type-page","status-publish","hentry"],"acf":[],"yoast_head":"<!-- This site is optimized with the Yoast SEO plugin v26.0 - https:\/\/yoast.com\/wordpress\/plugins\/seo\/ -->\n<title>Connexion - Tombstones et troph\u00e9es personnalis\u00e9s | Altrum<\/title>\n<meta name=\"description\" content=\"Se connecter ou cr\u00e9er un compte. Altrum vous aide \u00e0 c\u00e9l\u00e9brer le succ\u00e8s de votre organisation en tirant parti du pouvoir de la reconnaissance gr\u00e2ce \u00e0 des tombstones et des troph\u00e9es personnalis\u00e9s.\" \/>\n<meta name=\"robots\" content=\"index, follow, max-snippet:-1, max-image-preview:large, max-video-preview:-1\" \/>\n<link rel=\"canonical\" href=\"https:\/\/www.altrum.com\/fr\/connexion\/\" \/>\n<meta property=\"og:locale\" content=\"fr_CA\" \/>\n<meta property=\"og:type\" content=\"article\" \/>\n<meta property=\"og:title\" content=\"Connexion - Tombstones et troph\u00e9es personnalis\u00e9s | Altrum\" \/>\n<meta property=\"og:description\" content=\"Se connecter ou cr\u00e9er un compte. Altrum vous aide \u00e0 c\u00e9l\u00e9brer le succ\u00e8s de votre organisation en tirant parti du pouvoir de la reconnaissance gr\u00e2ce \u00e0 des tombstones et des troph\u00e9es personnalis\u00e9s.\" \/>\n<meta property=\"og:url\" content=\"https:\/\/www.altrum.com\/fr\/connexion\/\" \/>\n<meta property=\"og:site_name\" content=\"Altrum\" \/>\n<meta property=\"article:publisher\" content=\"https:\/\/www.facebook.com\/Altrumcorpo\/\" \/>\n<meta property=\"article:modified_time\" content=\"2023-06-02T16:20:50+00:00\" \/>\n<meta property=\"og:image\" content=\"https:\/\/www.altrum.com\/wp-content\/uploads\/2023\/04\/altrum-og.png\" \/>\n\t<meta property=\"og:image:width\" content=\"1200\" \/>\n\t<meta property=\"og:image:height\" content=\"675\" \/>\n\t<meta property=\"og:image:type\" content=\"image\/png\" \/>\n<meta name=\"twitter:card\" content=\"summary_large_image\" \/>\n<meta name=\"twitter:site\" content=\"@altrumgroup\" \/>\n<script type=\"application\/ld+json\" class=\"yoast-schema-graph\">{\"@context\":\"https:\/\/schema.org\",\"@graph\":[{\"@type\":\"WebPage\",\"@id\":\"https:\/\/www.altrum.com\/fr\/connexion\/\",\"url\":\"https:\/\/www.altrum.com\/fr\/connexion\/\",\"name\":\"Connexion - Tombstones et troph\u00e9es personnalis\u00e9s | Altrum\",\"isPartOf\":{\"@id\":\"https:\/\/www.altrum.com\/fr\/#website\"},\"datePublished\":\"2023-01-27T20:13:30+00:00\",\"dateModified\":\"2023-06-02T16:20:50+00:00\",\"description\":\"Se connecter ou cr\u00e9er un compte. Altrum vous aide \u00e0 c\u00e9l\u00e9brer le succ\u00e8s de votre organisation en tirant parti du pouvoir de la reconnaissance gr\u00e2ce \u00e0 des tombstones et des troph\u00e9es personnalis\u00e9s.\",\"breadcrumb\":{\"@id\":\"https:\/\/www.altrum.com\/fr\/connexion\/#breadcrumb\"},\"inLanguage\":\"fr-CA\",\"potentialAction\":[{\"@type\":\"ReadAction\",\"target\":[\"https:\/\/www.altrum.com\/fr\/connexion\/\"]}]},{\"@type\":\"BreadcrumbList\",\"@id\":\"https:\/\/www.altrum.com\/fr\/connexion\/#breadcrumb\",\"itemListElement\":[{\"@type\":\"ListItem\",\"position\":1,\"name\":\"Accueil\",\"item\":\"https:\/\/www.altrum.com\/fr\/home\/\"},{\"@type\":\"ListItem\",\"position\":2,\"name\":\"Connexion\"}]},{\"@type\":\"WebSite\",\"@id\":\"https:\/\/www.altrum.com\/fr\/#website\",\"url\":\"https:\/\/www.altrum.com\/fr\/\",\"name\":\"Altrum\",\"description\":\"Altrum helps organizations around the world celebrate achievements and inspire people.\",\"publisher\":{\"@id\":\"https:\/\/www.altrum.com\/fr\/#organization\"},\"potentialAction\":[{\"@type\":\"SearchAction\",\"target\":{\"@type\":\"EntryPoint\",\"urlTemplate\":\"https:\/\/www.altrum.com\/fr\/?s={search_term_string}\"},\"query-input\":{\"@type\":\"PropertyValueSpecification\",\"valueRequired\":true,\"valueName\":\"search_term_string\"}}],\"inLanguage\":\"fr-CA\"},{\"@type\":\"Organization\",\"@id\":\"https:\/\/www.altrum.com\/fr\/#organization\",\"name\":\"Altrum\",\"url\":\"https:\/\/www.altrum.com\/fr\/\",\"logo\":{\"@type\":\"ImageObject\",\"inLanguage\":\"fr-CA\",\"@id\":\"https:\/\/www.altrum.com\/fr\/#\/schema\/logo\/image\/\",\"url\":\"https:\/\/www.altrum.com\/wp-content\/uploads\/2023\/04\/altrum-og.png\",\"contentUrl\":\"https:\/\/www.altrum.com\/wp-content\/uploads\/2023\/04\/altrum-og.png\",\"width\":1200,\"height\":675,\"caption\":\"Altrum\"},\"image\":{\"@id\":\"https:\/\/www.altrum.com\/fr\/#\/schema\/logo\/image\/\"},\"sameAs\":[\"https:\/\/www.facebook.com\/Altrumcorpo\/\",\"https:\/\/x.com\/altrumgroup\",\"https:\/\/www.pinterest.ca\/altrumawards\/\",\"https:\/\/www.linkedin.com\/company\/altrum-group\/\",\"https:\/\/www.instagram.com\/altrumhonors\/\"]}]}<\/script>\n<!-- \/ Yoast SEO plugin. -->","yoast_head_json":{"title":"Connexion - Tombstones et troph\u00e9es personnalis\u00e9s | Altrum","description":"Se connecter ou cr\u00e9er un compte. Altrum vous aide \u00e0 c\u00e9l\u00e9brer le succ\u00e8s de votre organisation en tirant parti du pouvoir de la reconnaissance gr\u00e2ce \u00e0 des tombstones et des troph\u00e9es personnalis\u00e9s.","robots":{"index":"index","follow":"follow","max-snippet":"max-snippet:-1","max-image-preview":"max-image-preview:large","max-video-preview":"max-video-preview:-1"},"canonical":"https:\/\/www.altrum.com\/fr\/connexion\/","og_locale":"fr_CA","og_type":"article","og_title":"Connexion - Tombstones et troph\u00e9es personnalis\u00e9s | Altrum","og_description":"Se connecter ou cr\u00e9er un compte. Altrum vous aide \u00e0 c\u00e9l\u00e9brer le succ\u00e8s de votre organisation en tirant parti du pouvoir de la reconnaissance gr\u00e2ce \u00e0 des tombstones et des troph\u00e9es personnalis\u00e9s.","og_url":"https:\/\/www.altrum.com\/fr\/connexion\/","og_site_name":"Altrum","article_publisher":"https:\/\/www.facebook.com\/Altrumcorpo\/","article_modified_time":"2023-06-02T16:20:50+00:00","og_image":[{"width":1200,"height":675,"url":"https:\/\/www.altrum.com\/wp-content\/uploads\/2023\/04\/altrum-og.png","type":"image\/png"}],"twitter_card":"summary_large_image","twitter_site":"@altrumgroup","schema":{"@context":"https:\/\/schema.org","@graph":[{"@type":"WebPage","@id":"https:\/\/www.altrum.com\/fr\/connexion\/","url":"https:\/\/www.altrum.com\/fr\/connexion\/","name":"Connexion - Tombstones et troph\u00e9es personnalis\u00e9s | Altrum","isPartOf":{"@id":"https:\/\/www.altrum.com\/fr\/#website"},"datePublished":"2023-01-27T20:13:30+00:00","dateModified":"2023-06-02T16:20:50+00:00","description":"Se connecter ou cr\u00e9er un compte. Altrum vous aide \u00e0 c\u00e9l\u00e9brer le succ\u00e8s de votre organisation en tirant parti du pouvoir de la reconnaissance gr\u00e2ce \u00e0 des tombstones et des troph\u00e9es personnalis\u00e9s.","breadcrumb":{"@id":"https:\/\/www.altrum.com\/fr\/connexion\/#breadcrumb"},"inLanguage":"fr-CA","potentialAction":[{"@type":"ReadAction","target":["https:\/\/www.altrum.com\/fr\/connexion\/"]}]},{"@type":"BreadcrumbList","@id":"https:\/\/www.altrum.com\/fr\/connexion\/#breadcrumb","itemListElement":[{"@type":"ListItem","position":1,"name":"Accueil","item":"https:\/\/www.altrum.com\/fr\/home\/"},{"@type":"ListItem","position":2,"name":"Connexion"}]},{"@type":"WebSite","@id":"https:\/\/www.altrum.com\/fr\/#website","url":"https:\/\/www.altrum.com\/fr\/","name":"Altrum","description":"Altrum helps organizations around the world celebrate achievements and inspire people.","publisher":{"@id":"https:\/\/www.altrum.com\/fr\/#organization"},"potentialAction":[{"@type":"SearchAction","target":{"@type":"EntryPoint","urlTemplate":"https:\/\/www.altrum.com\/fr\/?s={search_term_string}"},"query-input":{"@type":"PropertyValueSpecification","valueRequired":true,"valueName":"search_term_string"}}],"inLanguage":"fr-CA"},{"@type":"Organization","@id":"https:\/\/www.altrum.com\/fr\/#organization","name":"Altrum","url":"https:\/\/www.altrum.com\/fr\/","logo":{"@type":"ImageObject","inLanguage":"fr-CA","@id":"https:\/\/www.altrum.com\/fr\/#\/schema\/logo\/image\/","url":"https:\/\/www.altrum.com\/wp-content\/uploads\/2023\/04\/altrum-og.png","contentUrl":"https:\/\/www.altrum.com\/wp-content\/uploads\/2023\/04\/altrum-og.png","width":1200,"height":675,"caption":"Altrum"},"image":{"@id":"https:\/\/www.altrum.com\/fr\/#\/schema\/logo\/image\/"},"sameAs":["https:\/\/www.facebook.com\/Altrumcorpo\/","https:\/\/x.com\/altrumgroup","https:\/\/www.pinterest.ca\/altrumawards\/","https:\/\/www.linkedin.com\/company\/altrum-group\/","https:\/\/www.instagram.com\/altrumhonors\/"]}]}},"_links":{"self":[{"href":"https:\/\/www.altrum.com\/fr\/wp-json\/wp\/v2\/pages\/1509","targetHints":{"allow":["GET"]}}],"collection":[{"href":"https:\/\/www.altrum.com\/fr\/wp-json\/wp\/v2\/pages"}],"about":[{"href":"https:\/\/www.altrum.com\/fr\/wp-json\/wp\/v2\/types\/page"}],"author":[{"embeddable":true,"href":"https:\/\/www.altrum.com\/fr\/wp-json\/wp\/v2\/users\/1"}],"replies":[{"embeddable":true,"href":"https:\/\/www.altrum.com\/fr\/wp-json\/wp\/v2\/comments?post=1509"}],"version-history":[{"count":15,"href":"https:\/\/www.altrum.com\/fr\/wp-json\/wp\/v2\/pages\/1509\/revisions"}],"predecessor-version":[{"id":21849,"href":"https:\/\/www.altrum.com\/fr\/wp-json\/wp\/v2\/pages\/1509\/revisions\/21849"}],"wp:attachment":[{"href":"https:\/\/www.altrum.com\/fr\/wp-json\/wp\/v2\/media?parent=1509"}],"curies":[{"name":"wp","href":"https:\/\/api.w.org\/{rel}","templated":true}]}}